{"id":3209,"date":"2023-06-14T10:11:51","date_gmt":"2023-06-14T10:11:51","guid":{"rendered":"https:\/\/thewomensmarketplace.com\/product\/hanan\/"},"modified":"2023-09-21T16:54:13","modified_gmt":"2023-09-21T16:54:13","slug":"hanan","status":"publish","type":"product","link":"https:\/\/thewomensmarketplace.com\/fr\/produit\/hanan\/","title":{"rendered":"HANAN"},"content":{"rendered":"","protected":false},"excerpt":{"rendered":"<p>Une somptueuse tenue \u00ab\u00a0HANAN\u00a0\u00bb \ud83d\ude0d avec un tissu haut de gamme fluide et raffin\u00e9 tr\u00e8s pris\u00e9 des femmes \u00e9miraties.<\/p>\n<p>Compos\u00e9e d&rsquo;une abaya en lin accompagn\u00e9e de sa sous-robe en coton et de son \u00e9charpe assortie, c&rsquo;est une v\u00e9ritable p\u00e9pite.<\/p>\n<p>Guide des tailles \u00e2\u00ac\u2021\u00ef\u00b8\u008f<\/p>\n<p><img fetchpriority=\"high\" decoding=\"async\" class=\"alignnone wp-image-2473 size-full\" src=\"https:\/\/thewomensmarketplace.com\/wp-content\/uploads\/2023\/06\/Size-guide-01-2-scaled.jpg\" alt=\"\" width=\"2560\" height=\"1916\" srcset=\"https:\/\/thewomensmarketplace.com\/wp-content\/uploads\/2023\/06\/Size-guide-01-2-scaled.jpg 2560w, https:\/\/thewomensmarketplace.com\/wp-content\/uploads\/2023\/06\/Size-guide-01-2-300x225.jpg 300w, https:\/\/thewomensmarketplace.com\/wp-content\/uploads\/2023\/06\/Size-guide-01-2-1024x766.jpg 1024w, https:\/\/thewomensmarketplace.com\/wp-content\/uploads\/2023\/06\/Size-guide-01-2-768x575.jpg 768w, https:\/\/thewomensmarketplace.com\/wp-content\/uploads\/2023\/06\/Size-guide-01-2-1536x1150.jpg 1536w, https:\/\/thewomensmarketplace.com\/wp-content\/uploads\/2023\/06\/Size-guide-01-2-2048x1533.jpg 2048w, https:\/\/thewomensmarketplace.com\/wp-content\/uploads\/2023\/06\/Size-guide-01-2-1000x748.jpg 1000w\" sizes=\"(max-width: 2560px) 100vw, 2560px\" \/><\/p>\n<p>Ne pas laver en machine<br \/>\nNe pas utiliser d&rsquo;eau de Javel<br \/>\nRepasser \u00e0 une temp\u00e9rature maximale de 110\u00b0C\/230\u00b0F<br \/>\nNettoyage \u00e0 sec uniquement<\/p>\n<p>Origine : tous nos articles sont fabriqu\u00e9s aux \u00c9mirats.<\/p>\n","protected":false},"featured_media":3010,"comment_status":"open","ping_status":"closed","template":"","meta":{"site-sidebar-layout":"default","site-content-layout":"default","ast-site-content-layout":"","site-content-style":"default","site-sidebar-style":"default","ast-global-header-display":"","ast-banner-title-visibility":"","ast-main-header-display":"","ast-hfb-above-header-display":"","ast-hfb-below-header-display":"","ast-hfb-mobile-header-display":"","site-post-title":"","ast-breadcrumbs-content":"","ast-featured-img":"","footer-sml-layout":"","theme-transparent-header-meta":"default","adv-header-id-meta":"","stick-header-meta":"","header-above-stick-meta":"","header-main-stick-meta":"","header-below-stick-meta":"","astra-migrate-meta-layouts":"default","ast-page-background-enabled":"default","ast-page-background-meta":{"desktop":{"background-color":"var(--ast-global-color-4)","background-image":"","background-repeat":"repeat","background-position":"center center","background-size":"auto","background-attachment":"scroll","background-type":"","background-media":"","overlay-type":"","overlay-color":"","overlay-opacity":"","overlay-gradient":""},"tablet":{"background-color":"","background-image":"","background-repeat":"repeat","background-position":"center center","background-size":"auto","background-attachment":"scroll","background-type":"","background-media":"","overlay-type":"","overlay-color":"","overlay-opacity":"","overlay-gradient":""},"mobile":{"background-color":"","background-image":"","background-repeat":"repeat","background-position":"center center","background-size":"auto","background-attachment":"scroll","background-type":"","background-media":"","overlay-type":"","overlay-color":"","overlay-opacity":"","overlay-gradient":""}},"ast-content-background-meta":{"desktop":{"background-color":"var(--ast-global-color-5)","background-image":"","background-repeat":"repeat","background-position":"center center","background-size":"auto","background-attachment":"scroll","background-type":"","background-media":"","overlay-type":"","overlay-color":"","overlay-opacity":"","overlay-gradient":""},"tablet":{"background-color":"var(--ast-global-color-5)","background-image":"","background-repeat":"repeat","background-position":"center center","background-size":"auto","background-attachment":"scroll","background-type":"","background-media":"","overlay-type":"","overlay-color":"","overlay-opacity":"","overlay-gradient":""},"mobile":{"background-color":"var(--ast-global-color-5)","background-image":"","background-repeat":"repeat","background-position":"center center","background-size":"auto","background-attachment":"scroll","background-type":"","background-media":"","overlay-type":"","overlay-color":"","overlay-opacity":"","overlay-gradient":""}}},"product_brand":[],"product_cat":[117,134],"product_tag":[118,120,124,119,121,125],"class_list":{"0":"post-3209","1":"product","2":"type-product","3":"status-publish","4":"has-post-thumbnail","6":"product_cat-abaya-fr","7":"product_cat-nouveautes","8":"product_tag-abaya-beige","9":"product_tag-abaya-designer","10":"product_tag-abaya-dubai-fr","11":"product_tag-abaya-luxueuse","12":"product_tag-abaya-ouverte","13":"product_tag-ensembles-abaya","14":"desktop-align-left","15":"tablet-align-left","16":"mobile-align-left","18":"first","19":"instock","20":"shipping-taxable","21":"purchasable","22":"product-type-variable"},"_links":{"self":[{"href":"https:\/\/thewomensmarketplace.com\/fr\/wp-json\/wp\/v2\/product\/3209","targetHints":{"allow":["GET"]}}],"collection":[{"href":"https:\/\/thewomensmarketplace.com\/fr\/wp-json\/wp\/v2\/product"}],"about":[{"href":"https:\/\/thewomensmarketplace.com\/fr\/wp-json\/wp\/v2\/types\/product"}],"replies":[{"embeddable":true,"href":"https:\/\/thewomensmarketplace.com\/fr\/wp-json\/wp\/v2\/comments?post=3209"}],"version-history":[{"count":1,"href":"https:\/\/thewomensmarketplace.com\/fr\/wp-json\/wp\/v2\/product\/3209\/revisions"}],"predecessor-version":[{"id":3279,"href":"https:\/\/thewomensmarketplace.com\/fr\/wp-json\/wp\/v2\/product\/3209\/revisions\/3279"}],"wp:featuredmedia":[{"embeddable":true,"href":"https:\/\/thewomensmarketplace.com\/fr\/wp-json\/wp\/v2\/media\/3010"}],"wp:attachment":[{"href":"https:\/\/thewomensmarketplace.com\/fr\/wp-json\/wp\/v2\/media?parent=3209"}],"wp:term":[{"taxonomy":"product_brand","embeddable":true,"href":"https:\/\/thewomensmarketplace.com\/fr\/wp-json\/wp\/v2\/product_brand?post=3209"},{"taxonomy":"product_cat","embeddable":true,"href":"https:\/\/thewomensmarketplace.com\/fr\/wp-json\/wp\/v2\/product_cat?post=3209"},{"taxonomy":"product_tag","embeddable":true,"href":"https:\/\/thewomensmarketplace.com\/fr\/wp-json\/wp\/v2\/product_tag?post=3209"}],"curies":[{"name":"wp","href":"https:\/\/api.w.org\/{rel}","templated":true}]}}