{"id":3200,"date":"2023-06-14T11:05:05","date_gmt":"2023-06-14T11:05:05","guid":{"rendered":"https:\/\/thewomensmarketplace.com\/product\/p-a-r-k-a-noir\/"},"modified":"2023-06-14T11:05:05","modified_gmt":"2023-06-14T11:05:05","slug":"p-a-r-k-a-noir","status":"publish","type":"product","link":"https:\/\/thewomensmarketplace.com\/fr\/produit\/p-a-r-k-a-noir\/","title":{"rendered":"P A R K A NOIR"},"content":{"rendered":"","protected":false},"excerpt":{"rendered":"<p>Nous voulions vous pr\u00e9senter une pi\u00e8ce \u00e0 la fois sportive et \u00e0 la mode, et la voici !<\/p>\n<p>La veste sportswear Abaya Dress Paris est un mod\u00e8le imperm\u00e9able qui vous gardera au sec lors de vos d\u00e9placements.<\/p>\n<p>Sa coupe ample garantit un confort maximal, et la capuche r\u00e9glable avec des bandes \u00e9lastiques vous offre une protection suppl\u00e9mentaire en cas de pluie.<\/p>\n<p>Avec de jolies poches, une fermeture \u00e9clair et des manches \u00e9lastiques, vous aurez un look d\u00e9contract\u00e9. La doublure en maille est id\u00e9ale pour la respirabilit\u00e9.<\/p>\n<p>Ce v\u00eatement l\u00e9ger, d\u00e9perlant et respirant est indispensable dans la garde-robe de toute femme musulmane active !<\/p>\n<p>Taille unique, avec une coupe ample qui s&rsquo;adapte \u00c3&nbsp; la coupe saoudienne et \u00c3&nbsp; la coupe droite.<\/p>\n<p>Pouvant \u00eatre port\u00e9 long, mi-long ou court, il convient vraiment \u00e0 toutes les tailles. En resserrant l&rsquo;\u00e9lastique du bas, il est possible de le raccourcir.<\/p>\n","protected":false},"featured_media":3030,"comment_status":"open","ping_status":"closed","template":"","meta":{"site-sidebar-layout":"default","site-content-layout":"default","ast-site-content-layout":"","site-content-style":"default","site-sidebar-style":"default","ast-global-header-display":"","ast-banner-title-visibility":"","ast-main-header-display":"","ast-hfb-above-header-display":"","ast-hfb-below-header-display":"","ast-hfb-mobile-header-display":"","site-post-title":"","ast-breadcrumbs-content":"","ast-featured-img":"","footer-sml-layout":"","theme-transparent-header-meta":"default","adv-header-id-meta":"","stick-header-meta":"","header-above-stick-meta":"","header-main-stick-meta":"","header-below-stick-meta":"","astra-migrate-meta-layouts":"default","ast-page-background-enabled":"default","ast-page-background-meta":{"desktop":{"background-color":"var(--ast-global-color-4)","background-image":"","background-repeat":"repeat","background-position":"center center","background-size":"auto","background-attachment":"scroll","background-type":"","background-media":"","overlay-type":"","overlay-color":"","overlay-opacity":"","overlay-gradient":""},"tablet":{"background-color":"","background-image":"","background-repeat":"repeat","background-position":"center center","background-size":"auto","background-attachment":"scroll","background-type":"","background-media":"","overlay-type":"","overlay-color":"","overlay-opacity":"","overlay-gradient":""},"mobile":{"background-color":"","background-image":"","background-repeat":"repeat","background-position":"center center","background-size":"auto","background-attachment":"scroll","background-type":"","background-media":"","overlay-type":"","overlay-color":"","overlay-opacity":"","overlay-gradient":""}},"ast-content-background-meta":{"desktop":{"background-color":"var(--ast-global-color-5)","background-image":"","background-repeat":"repeat","background-position":"center center","background-size":"auto","background-attachment":"scroll","background-type":"","background-media":"","overlay-type":"","overlay-color":"","overlay-opacity":"","overlay-gradient":""},"tablet":{"background-color":"var(--ast-global-color-5)","background-image":"","background-repeat":"repeat","background-position":"center center","background-size":"auto","background-attachment":"scroll","background-type":"","background-media":"","overlay-type":"","overlay-color":"","overlay-opacity":"","overlay-gradient":""},"mobile":{"background-color":"var(--ast-global-color-5)","background-image":"","background-repeat":"repeat","background-position":"center center","background-size":"auto","background-attachment":"scroll","background-type":"","background-media":"","overlay-type":"","overlay-color":"","overlay-opacity":"","overlay-gradient":""}}},"product_brand":[],"product_cat":[117,126,134],"product_tag":[120,127],"class_list":{"0":"post-3200","1":"product","2":"type-product","3":"status-publish","4":"has-post-thumbnail","6":"product_cat-abaya-fr","7":"product_cat-sportswear-fr","8":"product_cat-nouveautes","9":"product_tag-abaya-designer","10":"product_tag-abaya-noire","11":"desktop-align-left","12":"tablet-align-left","13":"mobile-align-left","15":"first","16":"instock","17":"shipping-taxable","18":"purchasable","19":"product-type-variable"},"_links":{"self":[{"href":"https:\/\/thewomensmarketplace.com\/fr\/wp-json\/wp\/v2\/product\/3200","targetHints":{"allow":["GET"]}}],"collection":[{"href":"https:\/\/thewomensmarketplace.com\/fr\/wp-json\/wp\/v2\/product"}],"about":[{"href":"https:\/\/thewomensmarketplace.com\/fr\/wp-json\/wp\/v2\/types\/product"}],"replies":[{"embeddable":true,"href":"https:\/\/thewomensmarketplace.com\/fr\/wp-json\/wp\/v2\/comments?post=3200"}],"version-history":[{"count":0,"href":"https:\/\/thewomensmarketplace.com\/fr\/wp-json\/wp\/v2\/product\/3200\/revisions"}],"wp:featuredmedia":[{"embeddable":true,"href":"https:\/\/thewomensmarketplace.com\/fr\/wp-json\/wp\/v2\/media\/3030"}],"wp:attachment":[{"href":"https:\/\/thewomensmarketplace.com\/fr\/wp-json\/wp\/v2\/media?parent=3200"}],"wp:term":[{"taxonomy":"product_brand","embeddable":true,"href":"https:\/\/thewomensmarketplace.com\/fr\/wp-json\/wp\/v2\/product_brand?post=3200"},{"taxonomy":"product_cat","embeddable":true,"href":"https:\/\/thewomensmarketplace.com\/fr\/wp-json\/wp\/v2\/product_cat?post=3200"},{"taxonomy":"product_tag","embeddable":true,"href":"https:\/\/thewomensmarketplace.com\/fr\/wp-json\/wp\/v2\/product_tag?post=3200"}],"curies":[{"name":"wp","href":"https:\/\/api.w.org\/{rel}","templated":true}]}}