{"id":3194,"date":"2023-06-20T08:38:05","date_gmt":"2023-06-20T08:38:05","guid":{"rendered":"https:\/\/thewomensmarketplace.com\/product\/abaya-amra-noire\/"},"modified":"2023-06-20T08:38:05","modified_gmt":"2023-06-20T08:38:05","slug":"abaya-amra-noire","status":"publish","type":"product","link":"https:\/\/thewomensmarketplace.com\/fr\/produit\/abaya-amra-noire\/","title":{"rendered":"Abaya Amra (Noire)"},"content":{"rendered":"<p><strong>**Les mod\u00e8les pr\u00e9f\u00e9r\u00e9es de nos clientes**.<\/strong><\/p>\n<p>Le soir, lors d&rsquo;un d\u00eener chic, d&rsquo;un repas de famille ou d&rsquo;un \u00e9v\u00e9nement heureux.<\/p>\n<p>Pendant la journ\u00e9e, lors d&rsquo;une r\u00e9union professionnelle ou d&rsquo;un tea time entre amis.<\/p>\n<p>L&rsquo;Abaya Amra illuminera votre beaut\u00e9 en toutes circonstances.<\/p>\n<p>Sa doublure en tissu de couleur camel habillera votre tenue en toute l\u00e9g\u00e8ret\u00e9.<\/p>\n<p>Ouvert ou ferm\u00e9, ses boutons pression int\u00e9gr\u00e9s et invisibles satisferont toutes vos envies en toute simplicit\u00e9.<\/p>\n<p>Votre Abaya Amra est le r\u00e9sultat d&rsquo;un voyage culturel o\u00f9 le chic \u00e9mirati rencontre l&rsquo;\u00e9l\u00e9gance fran\u00e7aise.<\/p>\n<p>Une riche synergie pour toutes les femmes qui veulent s&rsquo;habiller avec modestie et classe.<\/p>\n<p>Laissez-vous s\u00e9duire par l&rsquo;abaya pr\u00e9f\u00e9r\u00e9e de nos 207 Emirati Addicts.<\/p>\n<p>&nbsp;<\/p>\n<p><strong>Inspiration de la cr\u00c3\u00a9atrice @labeel_abaya.<\/strong><\/p>\n<p>Lavez votre abaya \u00e0 sec ou \u00e0 froid.<\/p>\n<p>Premier achat dans le magasin ? Vous ne connaissez pas votre taille \u00e9miratie ?<\/p>\n<p>Pas de panique, trouvez la taille qui vous convient ci-dessous<\/p>\n","protected":false},"excerpt":{"rendered":"<p>Le grand best-seller d&rsquo;IsraaMode, favori de plus de 200 Abaya addicts !<\/p>\n<p><strong>Une v\u00e9ritable touche de luxe dans votre vie quotidienne.<\/strong><\/p>\n<p>Fabrication : Fabriqu\u00e9 \u00e0 la main aux \u00c9mirats arabes unis<br \/>\nConseils d&rsquo;entretien : Nettoyer \u00e0 sec ou laver \u00e0 la main tr\u00e8s d\u00e9licatement \u00e0 moins de 20 degr\u00e9s.<\/p>\n<p>Guide des tailles \u00e2\u00ac\u2021\u00ef\u00b8\u008f<\/p>\n<p><img fetchpriority=\"high\" decoding=\"async\" class=\"alignnone wp-image-2473 size-full\" src=\"https:\/\/thewomensmarketplace.com\/wp-content\/uploads\/2023\/06\/Size-guide-01-2-scaled.jpg\" alt=\"\" width=\"2560\" height=\"1916\" srcset=\"https:\/\/thewomensmarketplace.com\/wp-content\/uploads\/2023\/06\/Size-guide-01-2-scaled.jpg 2560w, https:\/\/thewomensmarketplace.com\/wp-content\/uploads\/2023\/06\/Size-guide-01-2-300x225.jpg 300w, https:\/\/thewomensmarketplace.com\/wp-content\/uploads\/2023\/06\/Size-guide-01-2-1024x766.jpg 1024w, https:\/\/thewomensmarketplace.com\/wp-content\/uploads\/2023\/06\/Size-guide-01-2-768x575.jpg 768w, https:\/\/thewomensmarketplace.com\/wp-content\/uploads\/2023\/06\/Size-guide-01-2-1536x1150.jpg 1536w, https:\/\/thewomensmarketplace.com\/wp-content\/uploads\/2023\/06\/Size-guide-01-2-2048x1533.jpg 2048w, https:\/\/thewomensmarketplace.com\/wp-content\/uploads\/2023\/06\/Size-guide-01-2-1000x748.jpg 1000w\" sizes=\"(max-width: 2560px) 100vw, 2560px\" \/><\/p>\n<p>&nbsp;<\/p>\n","protected":false},"featured_media":0,"comment_status":"open","ping_status":"closed","template":"","meta":{"site-sidebar-layout":"default","site-content-layout":"default","ast-site-content-layout":"","site-content-style":"default","site-sidebar-style":"default","ast-global-header-display":"","ast-banner-title-visibility":"","ast-main-header-display":"","ast-hfb-above-header-display":"","ast-hfb-below-header-display":"","ast-hfb-mobile-header-display":"","site-post-title":"","ast-breadcrumbs-content":"","ast-featured-img":"","footer-sml-layout":"","theme-transparent-header-meta":"default","adv-header-id-meta":"","stick-header-meta":"","header-above-stick-meta":"","header-main-stick-meta":"","header-below-stick-meta":"","astra-migrate-meta-layouts":"default","ast-page-background-enabled":"default","ast-page-background-meta":{"desktop":{"background-color":"var(--ast-global-color-4)","background-image":"","background-repeat":"repeat","background-position":"center center","background-size":"auto","background-attachment":"scroll","background-type":"","background-media":"","overlay-type":"","overlay-color":"","overlay-opacity":"","overlay-gradient":""},"tablet":{"background-color":"","background-image":"","background-repeat":"repeat","background-position":"center center","background-size":"auto","background-attachment":"scroll","background-type":"","background-media":"","overlay-type":"","overlay-color":"","overlay-opacity":"","overlay-gradient":""},"mobile":{"background-color":"","background-image":"","background-repeat":"repeat","background-position":"center center","background-size":"auto","background-attachment":"scroll","background-type":"","background-media":"","overlay-type":"","overlay-color":"","overlay-opacity":"","overlay-gradient":""}},"ast-content-background-meta":{"desktop":{"background-color":"var(--ast-global-color-5)","background-image":"","background-repeat":"repeat","background-position":"center center","background-size":"auto","background-attachment":"scroll","background-type":"","background-media":"","overlay-type":"","overlay-color":"","overlay-opacity":"","overlay-gradient":""},"tablet":{"background-color":"var(--ast-global-color-5)","background-image":"","background-repeat":"repeat","background-position":"center center","background-size":"auto","background-attachment":"scroll","background-type":"","background-media":"","overlay-type":"","overlay-color":"","overlay-opacity":"","overlay-gradient":""},"mobile":{"background-color":"var(--ast-global-color-5)","background-image":"","background-repeat":"repeat","background-position":"center center","background-size":"auto","background-attachment":"scroll","background-type":"","background-media":"","overlay-type":"","overlay-color":"","overlay-opacity":"","overlay-gradient":""}}},"product_brand":[],"product_cat":[117],"product_tag":[124,119,121,125],"class_list":{"0":"post-3194","1":"product","2":"type-product","3":"status-publish","5":"product_cat-abaya-fr","6":"product_tag-abaya-dubai-fr","7":"product_tag-abaya-luxueuse","8":"product_tag-abaya-ouverte","9":"product_tag-ensembles-abaya","10":"desktop-align-left","11":"tablet-align-left","12":"mobile-align-left","14":"first","15":"instock","16":"shipping-taxable","17":"purchasable","18":"product-type-variable"},"_links":{"self":[{"href":"https:\/\/thewomensmarketplace.com\/fr\/wp-json\/wp\/v2\/product\/3194","targetHints":{"allow":["GET"]}}],"collection":[{"href":"https:\/\/thewomensmarketplace.com\/fr\/wp-json\/wp\/v2\/product"}],"about":[{"href":"https:\/\/thewomensmarketplace.com\/fr\/wp-json\/wp\/v2\/types\/product"}],"replies":[{"embeddable":true,"href":"https:\/\/thewomensmarketplace.com\/fr\/wp-json\/wp\/v2\/comments?post=3194"}],"version-history":[{"count":0,"href":"https:\/\/thewomensmarketplace.com\/fr\/wp-json\/wp\/v2\/product\/3194\/revisions"}],"wp:attachment":[{"href":"https:\/\/thewomensmarketplace.com\/fr\/wp-json\/wp\/v2\/media?parent=3194"}],"wp:term":[{"taxonomy":"product_brand","embeddable":true,"href":"https:\/\/thewomensmarketplace.com\/fr\/wp-json\/wp\/v2\/product_brand?post=3194"},{"taxonomy":"product_cat","embeddable":true,"href":"https:\/\/thewomensmarketplace.com\/fr\/wp-json\/wp\/v2\/product_cat?post=3194"},{"taxonomy":"product_tag","embeddable":true,"href":"https:\/\/thewomensmarketplace.com\/fr\/wp-json\/wp\/v2\/product_tag?post=3194"}],"curies":[{"name":"wp","href":"https:\/\/api.w.org\/{rel}","templated":true}]}}