{"id":3182,"date":"2023-06-20T08:45:32","date_gmt":"2023-06-20T08:45:32","guid":{"rendered":"https:\/\/thewomensmarketplace.com\/product\/abaya-asrar-noire\/"},"modified":"2023-06-20T08:45:32","modified_gmt":"2023-06-20T08:45:32","slug":"abaya-asrar-noir","status":"publish","type":"product","link":"https:\/\/thewomensmarketplace.com\/fr\/produit\/abaya-asrar-noir\/","title":{"rendered":"Abaya Asrar (Noire)"},"content":{"rendered":"<div dir=\"auto\"><strong>Couleur<\/strong> : Champagne<\/div>\n<div dir=\"auto\"><strong>Particularit\u00e9s<\/strong> :<\/div>\n<div dir=\"auto\"><\/div>\n<ul>\n<li dir=\"auto\">Manches larges avec fente<\/li>\n<li dir=\"auto\">Coupe droite<\/li>\n<\/ul>\n<div dir=\"auto\"><strong>Mat\u00e9riaux<\/strong> : Tissu l\u00e9ger et soyeux, tr\u00e8s populaire dans les \u00c9mirats et dans le monde de la mode.<\/div>\n<div dir=\"auto\"><\/div>\n<div dir=\"auto\">Ne pas laver en machine<\/div>\n<div dir=\"auto\">Ne pas utiliser d&rsquo;eau de Javel<\/div>\n<div dir=\"auto\">Repasser \u00e0 une temp\u00e9rature maximale de 110\u00b0C\/230\u00b0F<\/div>\n<div dir=\"auto\">Nettoyage \u00e0 sec uniquement<\/div>\n<div dir=\"auto\"><\/div>\n<div dir=\"auto\"><strong>Origine<\/strong> : chacune de nos pi\u00e8ces est fabriqu\u00e9e aux \u00c9mirats.<\/div>\n","protected":false},"excerpt":{"rendered":"<p>Abaya-Asrar (\u0623\u0633\u0631\u0627\u0631) signifie \u00ab\u00a0les secrets\u00a0\u00bb en arabe.<\/p>\n<p>Notre ensemble champagne se compose d&rsquo;une abaya ouverte et perl\u00c3\u00a9e et d&rsquo;une robe assortie.<\/p>\n<div dir=\"auto\">Il est orn\u00c3\u00a9 de perles pos\u00c3\u00a9es \u00c3&nbsp; la main le long de la couture du poignet. Minimal, mais magnifiquement fini.<\/div>\n<div dir=\"auto\">\n<p>Guide des tailles \u00e2\u00ac\u2021\u00ef\u00b8\u008f<\/p>\n<p><img fetchpriority=\"high\" decoding=\"async\" class=\"alignnone wp-image-2473 size-full\" src=\"https:\/\/thewomensmarketplace.com\/wp-content\/uploads\/2023\/06\/Size-guide-01-2-scaled.jpg\" alt=\"\" width=\"2560\" height=\"1916\" srcset=\"https:\/\/thewomensmarketplace.com\/wp-content\/uploads\/2023\/06\/Size-guide-01-2-scaled.jpg 2560w, https:\/\/thewomensmarketplace.com\/wp-content\/uploads\/2023\/06\/Size-guide-01-2-300x225.jpg 300w, https:\/\/thewomensmarketplace.com\/wp-content\/uploads\/2023\/06\/Size-guide-01-2-1024x766.jpg 1024w, https:\/\/thewomensmarketplace.com\/wp-content\/uploads\/2023\/06\/Size-guide-01-2-768x575.jpg 768w, https:\/\/thewomensmarketplace.com\/wp-content\/uploads\/2023\/06\/Size-guide-01-2-1536x1150.jpg 1536w, https:\/\/thewomensmarketplace.com\/wp-content\/uploads\/2023\/06\/Size-guide-01-2-2048x1533.jpg 2048w, https:\/\/thewomensmarketplace.com\/wp-content\/uploads\/2023\/06\/Size-guide-01-2-1000x748.jpg 1000w\" sizes=\"(max-width: 2560px) 100vw, 2560px\" \/><\/p>\n<\/div>\n","protected":false},"featured_media":0,"comment_status":"open","ping_status":"closed","template":"","meta":{"site-sidebar-layout":"default","site-content-layout":"default","ast-site-content-layout":"","site-content-style":"default","site-sidebar-style":"default","ast-global-header-display":"","ast-banner-title-visibility":"","ast-main-header-display":"","ast-hfb-above-header-display":"","ast-hfb-below-header-display":"","ast-hfb-mobile-header-display":"","site-post-title":"","ast-breadcrumbs-content":"","ast-featured-img":"","footer-sml-layout":"","theme-transparent-header-meta":"default","adv-header-id-meta":"","stick-header-meta":"","header-above-stick-meta":"","header-main-stick-meta":"","header-below-stick-meta":"","astra-migrate-meta-layouts":"default","ast-page-background-enabled":"default","ast-page-background-meta":{"desktop":{"background-color":"var(--ast-global-color-4)","background-image":"","background-repeat":"repeat","background-position":"center center","background-size":"auto","background-attachment":"scroll","background-type":"","background-media":"","overlay-type":"","overlay-color":"","overlay-opacity":"","overlay-gradient":""},"tablet":{"background-color":"","background-image":"","background-repeat":"repeat","background-position":"center center","background-size":"auto","background-attachment":"scroll","background-type":"","background-media":"","overlay-type":"","overlay-color":"","overlay-opacity":"","overlay-gradient":""},"mobile":{"background-color":"","background-image":"","background-repeat":"repeat","background-position":"center center","background-size":"auto","background-attachment":"scroll","background-type":"","background-media":"","overlay-type":"","overlay-color":"","overlay-opacity":"","overlay-gradient":""}},"ast-content-background-meta":{"desktop":{"background-color":"var(--ast-global-color-5)","background-image":"","background-repeat":"repeat","background-position":"center center","background-size":"auto","background-attachment":"scroll","background-type":"","background-media":"","overlay-type":"","overlay-color":"","overlay-opacity":"","overlay-gradient":""},"tablet":{"background-color":"var(--ast-global-color-5)","background-image":"","background-repeat":"repeat","background-position":"center center","background-size":"auto","background-attachment":"scroll","background-type":"","background-media":"","overlay-type":"","overlay-color":"","overlay-opacity":"","overlay-gradient":""},"mobile":{"background-color":"var(--ast-global-color-5)","background-image":"","background-repeat":"repeat","background-position":"center center","background-size":"auto","background-attachment":"scroll","background-type":"","background-media":"","overlay-type":"","overlay-color":"","overlay-opacity":"","overlay-gradient":""}}},"product_brand":[],"product_cat":[117],"product_tag":[122,124,119,121,123],"class_list":{"0":"post-3182","1":"product","2":"type-product","3":"status-publish","5":"product_cat-abaya-fr","6":"product_tag-abaya-aid","7":"product_tag-abaya-dubai-fr","8":"product_tag-abaya-luxueuse","9":"product_tag-abaya-ouverte","10":"product_tag-abaya-satin","11":"desktop-align-left","12":"tablet-align-left","13":"mobile-align-left","15":"first","16":"instock","17":"shipping-taxable","18":"purchasable","19":"product-type-variable"},"_links":{"self":[{"href":"https:\/\/thewomensmarketplace.com\/fr\/wp-json\/wp\/v2\/product\/3182","targetHints":{"allow":["GET"]}}],"collection":[{"href":"https:\/\/thewomensmarketplace.com\/fr\/wp-json\/wp\/v2\/product"}],"about":[{"href":"https:\/\/thewomensmarketplace.com\/fr\/wp-json\/wp\/v2\/types\/product"}],"replies":[{"embeddable":true,"href":"https:\/\/thewomensmarketplace.com\/fr\/wp-json\/wp\/v2\/comments?post=3182"}],"version-history":[{"count":0,"href":"https:\/\/thewomensmarketplace.com\/fr\/wp-json\/wp\/v2\/product\/3182\/revisions"}],"wp:attachment":[{"href":"https:\/\/thewomensmarketplace.com\/fr\/wp-json\/wp\/v2\/media?parent=3182"}],"wp:term":[{"taxonomy":"product_brand","embeddable":true,"href":"https:\/\/thewomensmarketplace.com\/fr\/wp-json\/wp\/v2\/product_brand?post=3182"},{"taxonomy":"product_cat","embeddable":true,"href":"https:\/\/thewomensmarketplace.com\/fr\/wp-json\/wp\/v2\/product_cat?post=3182"},{"taxonomy":"product_tag","embeddable":true,"href":"https:\/\/thewomensmarketplace.com\/fr\/wp-json\/wp\/v2\/product_tag?post=3182"}],"curies":[{"name":"wp","href":"https:\/\/api.w.org\/{rel}","templated":true}]}}