{"id":3176,"date":"2023-06-20T08:57:04","date_gmt":"2023-06-20T08:57:04","guid":{"rendered":"https:\/\/thewomensmarketplace.com\/product\/almas-luxury-beige-nude\/"},"modified":"2024-11-03T11:27:10","modified_gmt":"2024-11-03T11:27:10","slug":"almas-luxury-beige-nude","status":"publish","type":"product","link":"https:\/\/thewomensmarketplace.com\/fr\/produit\/almas-luxury-beige-nude\/","title":{"rendered":"Almas Luxury (Beige Nude)"},"content":{"rendered":"<p>Version souple de notre best-seller Amra, l&rsquo;Abaya Almas a \u00e9t\u00e9 sp\u00e9cialement con\u00e7ue pour les mariages et autres \u00e9v\u00e9nements heureux.<\/p>\n<p>Une abaya parfaite pour vous sublimer, vous et vos demoiselles d&rsquo;honneur.<\/p>\n<p>Sa mousseline de soie haut de gamme doubl\u00e9e de perles artisanales sublimera chacun de vos pas vers votre nouveau bonheur.<\/p>\n<p>Ouverte ou ferm\u00e9e, ses boutons pression int\u00e9gr\u00e9s vous permettront de r\u00e9veiller l&rsquo;Emira qui sommeille en vous port\u00e9e en Abaya ou de mettre en valeur votre El\u00e9gance Parisienne en version Kimono.<\/p>\n<p>Simple et \u00e9l\u00e9gante, l&rsquo;Abaya Almas est la tenue de toutes les futures mari\u00e9es en qu\u00eate de raffinement.<\/p>\n","protected":false},"excerpt":{"rendered":"<p>Version souple de notre Abaya Amra la plus vendue<\/p>\n<p>Abaya \u2013 Kimono 2 en 1.<\/p>\n<p>Doubl\u00e9 d&rsquo;un tissu en mousseline de premi\u00e8re qualit\u00e9.<\/p>\n<p>Boutons de pression int\u00e9gr\u00e9s.<\/p>\n<p>Perle artisanale et couleur champagne.<\/p>\n<p>Guide des tailles \u00e2\u00ac\u2021\u00ef\u00b8\u008f<\/p>\n<p><img fetchpriority=\"high\" decoding=\"async\" class=\"alignnone wp-image-2473 size-full\" src=\"https:\/\/thewomensmarketplace.com\/wp-content\/uploads\/2023\/06\/Size-guide-01-2-scaled.jpg\" alt=\"\" width=\"2560\" height=\"1916\" srcset=\"https:\/\/thewomensmarketplace.com\/wp-content\/uploads\/2023\/06\/Size-guide-01-2-scaled.jpg 2560w, https:\/\/thewomensmarketplace.com\/wp-content\/uploads\/2023\/06\/Size-guide-01-2-300x225.jpg 300w, https:\/\/thewomensmarketplace.com\/wp-content\/uploads\/2023\/06\/Size-guide-01-2-1024x766.jpg 1024w, https:\/\/thewomensmarketplace.com\/wp-content\/uploads\/2023\/06\/Size-guide-01-2-768x575.jpg 768w, https:\/\/thewomensmarketplace.com\/wp-content\/uploads\/2023\/06\/Size-guide-01-2-1536x1150.jpg 1536w, https:\/\/thewomensmarketplace.com\/wp-content\/uploads\/2023\/06\/Size-guide-01-2-2048x1533.jpg 2048w, https:\/\/thewomensmarketplace.com\/wp-content\/uploads\/2023\/06\/Size-guide-01-2-1000x748.jpg 1000w\" sizes=\"(max-width: 2560px) 100vw, 2560px\" \/><\/p>\n","protected":false},"featured_media":2980,"comment_status":"open","ping_status":"closed","template":"","meta":{"site-sidebar-layout":"default","site-content-layout":"default","ast-site-content-layout":"","site-content-style":"default","site-sidebar-style":"default","ast-global-header-display":"","ast-banner-title-visibility":"","ast-main-header-display":"","ast-hfb-above-header-display":"","ast-hfb-below-header-display":"","ast-hfb-mobile-header-display":"","site-post-title":"","ast-breadcrumbs-content":"","ast-featured-img":"","footer-sml-layout":"","theme-transparent-header-meta":"default","adv-header-id-meta":"","stick-header-meta":"","header-above-stick-meta":"","header-main-stick-meta":"","header-below-stick-meta":"","astra-migrate-meta-layouts":"default","ast-page-background-enabled":"default","ast-page-background-meta":{"desktop":{"background-color":"var(--ast-global-color-4)","background-image":"","background-repeat":"repeat","background-position":"center center","background-size":"auto","background-attachment":"scroll","background-type":"","background-media":"","overlay-type":"","overlay-color":"","overlay-opacity":"","overlay-gradient":""},"tablet":{"background-color":"","background-image":"","background-repeat":"repeat","background-position":"center center","background-size":"auto","background-attachment":"scroll","background-type":"","background-media":"","overlay-type":"","overlay-color":"","overlay-opacity":"","overlay-gradient":""},"mobile":{"background-color":"","background-image":"","background-repeat":"repeat","background-position":"center center","background-size":"auto","background-attachment":"scroll","background-type":"","background-media":"","overlay-type":"","overlay-color":"","overlay-opacity":"","overlay-gradient":""}},"ast-content-background-meta":{"desktop":{"background-color":"var(--ast-global-color-5)","background-image":"","background-repeat":"repeat","background-position":"center center","background-size":"auto","background-attachment":"scroll","background-type":"","background-media":"","overlay-type":"","overlay-color":"","overlay-opacity":"","overlay-gradient":""},"tablet":{"background-color":"var(--ast-global-color-5)","background-image":"","background-repeat":"repeat","background-position":"center center","background-size":"auto","background-attachment":"scroll","background-type":"","background-media":"","overlay-type":"","overlay-color":"","overlay-opacity":"","overlay-gradient":""},"mobile":{"background-color":"var(--ast-global-color-5)","background-image":"","background-repeat":"repeat","background-position":"center center","background-size":"auto","background-attachment":"scroll","background-type":"","background-media":"","overlay-type":"","overlay-color":"","overlay-opacity":"","overlay-gradient":""}}},"product_brand":[],"product_cat":[117],"product_tag":[118,120,119],"class_list":{"0":"post-3176","1":"product","2":"type-product","3":"status-publish","4":"has-post-thumbnail","6":"product_cat-abaya-fr","7":"product_tag-abaya-beige","8":"product_tag-abaya-designer","9":"product_tag-abaya-luxueuse","10":"desktop-align-left","11":"tablet-align-left","12":"mobile-align-left","14":"first","15":"instock","16":"shipping-taxable","17":"purchasable","18":"product-type-variable"},"_links":{"self":[{"href":"https:\/\/thewomensmarketplace.com\/fr\/wp-json\/wp\/v2\/product\/3176","targetHints":{"allow":["GET"]}}],"collection":[{"href":"https:\/\/thewomensmarketplace.com\/fr\/wp-json\/wp\/v2\/product"}],"about":[{"href":"https:\/\/thewomensmarketplace.com\/fr\/wp-json\/wp\/v2\/types\/product"}],"replies":[{"embeddable":true,"href":"https:\/\/thewomensmarketplace.com\/fr\/wp-json\/wp\/v2\/comments?post=3176"}],"version-history":[{"count":0,"href":"https:\/\/thewomensmarketplace.com\/fr\/wp-json\/wp\/v2\/product\/3176\/revisions"}],"wp:featuredmedia":[{"embeddable":true,"href":"https:\/\/thewomensmarketplace.com\/fr\/wp-json\/wp\/v2\/media\/2980"}],"wp:attachment":[{"href":"https:\/\/thewomensmarketplace.com\/fr\/wp-json\/wp\/v2\/media?parent=3176"}],"wp:term":[{"taxonomy":"product_brand","embeddable":true,"href":"https:\/\/thewomensmarketplace.com\/fr\/wp-json\/wp\/v2\/product_brand?post=3176"},{"taxonomy":"product_cat","embeddable":true,"href":"https:\/\/thewomensmarketplace.com\/fr\/wp-json\/wp\/v2\/product_cat?post=3176"},{"taxonomy":"product_tag","embeddable":true,"href":"https:\/\/thewomensmarketplace.com\/fr\/wp-json\/wp\/v2\/product_tag?post=3176"}],"curies":[{"name":"wp","href":"https:\/\/api.w.org\/{rel}","templated":true}]}}