{"id":3156,"date":"2023-06-21T08:18:38","date_gmt":"2023-06-21T08:18:38","guid":{"rendered":"https:\/\/thewomensmarketplace.com\/product\/ensemble-marwa-black\/"},"modified":"2023-09-21T17:01:01","modified_gmt":"2023-09-21T17:01:01","slug":"ensemble-marwa-black","status":"publish","type":"product","link":"https:\/\/thewomensmarketplace.com\/fr\/produit\/ensemble-marwa-black\/","title":{"rendered":"Ensemble Marwa (Black)"},"content":{"rendered":"","protected":false},"excerpt":{"rendered":"<p>Le mod\u00e8le Marwa se compose d&rsquo;un pantalon \u00e0 poches, d&rsquo;une abaya et d&rsquo;un foulard assorti. Ce mod\u00e8le est r\u00e9put\u00e9 pour son confort et sa l\u00e9g\u00e8ret\u00e9.<\/p>\n<p>Son tissu l\u00e9ger, fluide et color\u00e9 vous permet de profiter de l&rsquo;\u00e9t\u00e9 de mani\u00e8re d\u00e9contract\u00e9e et habill\u00e9e.<\/p>\n<p>Mod\u00e8le compos\u00e9 :<\/p>\n<ul>\n<li>Abaya<\/li>\n<li>Pantalon avec poche<\/li>\n<li>\u00c9charpe 80\u00d7180<\/li>\n<\/ul>\n<p>Guide des tailles \u00e2\u00ac\u2021\u00ef\u00b8\u008f<\/p>\n<p><img fetchpriority=\"high\" decoding=\"async\" class=\"alignnone wp-image-2473 size-full\" src=\"https:\/\/thewomensmarketplace.com\/wp-content\/uploads\/2023\/06\/Size-guide-01-2-scaled.jpg\" alt=\"\" width=\"2560\" height=\"1916\" srcset=\"https:\/\/thewomensmarketplace.com\/wp-content\/uploads\/2023\/06\/Size-guide-01-2-scaled.jpg 2560w, https:\/\/thewomensmarketplace.com\/wp-content\/uploads\/2023\/06\/Size-guide-01-2-300x225.jpg 300w, https:\/\/thewomensmarketplace.com\/wp-content\/uploads\/2023\/06\/Size-guide-01-2-1024x766.jpg 1024w, https:\/\/thewomensmarketplace.com\/wp-content\/uploads\/2023\/06\/Size-guide-01-2-768x575.jpg 768w, https:\/\/thewomensmarketplace.com\/wp-content\/uploads\/2023\/06\/Size-guide-01-2-1536x1150.jpg 1536w, https:\/\/thewomensmarketplace.com\/wp-content\/uploads\/2023\/06\/Size-guide-01-2-2048x1533.jpg 2048w, https:\/\/thewomensmarketplace.com\/wp-content\/uploads\/2023\/06\/Size-guide-01-2-1000x748.jpg 1000w\" sizes=\"(max-width: 2560px) 100vw, 2560px\" \/><\/p>\n<p><strong>Tissus :<\/strong><\/p>\n<p>Lin de haute qualit\u00e9<\/p>\n<p><strong>Conseils d&rsquo;entretien :<\/strong><\/p>\n<p>Lavage \u00e0 30\u00b0C<br \/>\n\u00c3\u2030viter le s\u00c3\u00a8che-linge<\/p>\n","protected":false},"featured_media":3059,"comment_status":"open","ping_status":"closed","template":"","meta":{"site-sidebar-layout":"default","site-content-layout":"default","ast-site-content-layout":"","site-content-style":"default","site-sidebar-style":"default","ast-global-header-display":"","ast-banner-title-visibility":"","ast-main-header-display":"","ast-hfb-above-header-display":"","ast-hfb-below-header-display":"","ast-hfb-mobile-header-display":"","site-post-title":"","ast-breadcrumbs-content":"","ast-featured-img":"","footer-sml-layout":"","theme-transparent-header-meta":"default","adv-header-id-meta":"","stick-header-meta":"","header-above-stick-meta":"","header-main-stick-meta":"","header-below-stick-meta":"","astra-migrate-meta-layouts":"default","ast-page-background-enabled":"default","ast-page-background-meta":{"desktop":{"background-color":"var(--ast-global-color-4)","background-image":"","background-repeat":"repeat","background-position":"center center","background-size":"auto","background-attachment":"scroll","background-type":"","background-media":"","overlay-type":"","overlay-color":"","overlay-opacity":"","overlay-gradient":""},"tablet":{"background-color":"","background-image":"","background-repeat":"repeat","background-position":"center center","background-size":"auto","background-attachment":"scroll","background-type":"","background-media":"","overlay-type":"","overlay-color":"","overlay-opacity":"","overlay-gradient":""},"mobile":{"background-color":"","background-image":"","background-repeat":"repeat","background-position":"center center","background-size":"auto","background-attachment":"scroll","background-type":"","background-media":"","overlay-type":"","overlay-color":"","overlay-opacity":"","overlay-gradient":""}},"ast-content-background-meta":{"desktop":{"background-color":"var(--ast-global-color-5)","background-image":"","background-repeat":"repeat","background-position":"center center","background-size":"auto","background-attachment":"scroll","background-type":"","background-media":"","overlay-type":"","overlay-color":"","overlay-opacity":"","overlay-gradient":""},"tablet":{"background-color":"var(--ast-global-color-5)","background-image":"","background-repeat":"repeat","background-position":"center center","background-size":"auto","background-attachment":"scroll","background-type":"","background-media":"","overlay-type":"","overlay-color":"","overlay-opacity":"","overlay-gradient":""},"mobile":{"background-color":"var(--ast-global-color-5)","background-image":"","background-repeat":"repeat","background-position":"center center","background-size":"auto","background-attachment":"scroll","background-type":"","background-media":"","overlay-type":"","overlay-color":"","overlay-opacity":"","overlay-gradient":""}}},"product_brand":[],"product_cat":[117],"product_tag":[120,124,127,138,125],"class_list":{"0":"post-3156","1":"product","2":"type-product","3":"status-publish","4":"has-post-thumbnail","6":"product_cat-abaya-fr","7":"product_tag-abaya-designer","8":"product_tag-abaya-dubai-fr","9":"product_tag-abaya-noire","10":"product_tag-abaya-ouverte-noire","11":"product_tag-ensembles-abaya","12":"desktop-align-left","13":"tablet-align-left","14":"mobile-align-left","16":"first","17":"instock","18":"shipping-taxable","19":"purchasable","20":"product-type-variable"},"_links":{"self":[{"href":"https:\/\/thewomensmarketplace.com\/fr\/wp-json\/wp\/v2\/product\/3156","targetHints":{"allow":["GET"]}}],"collection":[{"href":"https:\/\/thewomensmarketplace.com\/fr\/wp-json\/wp\/v2\/product"}],"about":[{"href":"https:\/\/thewomensmarketplace.com\/fr\/wp-json\/wp\/v2\/types\/product"}],"replies":[{"embeddable":true,"href":"https:\/\/thewomensmarketplace.com\/fr\/wp-json\/wp\/v2\/comments?post=3156"}],"version-history":[{"count":1,"href":"https:\/\/thewomensmarketplace.com\/fr\/wp-json\/wp\/v2\/product\/3156\/revisions"}],"predecessor-version":[{"id":3277,"href":"https:\/\/thewomensmarketplace.com\/fr\/wp-json\/wp\/v2\/product\/3156\/revisions\/3277"}],"wp:featuredmedia":[{"embeddable":true,"href":"https:\/\/thewomensmarketplace.com\/fr\/wp-json\/wp\/v2\/media\/3059"}],"wp:attachment":[{"href":"https:\/\/thewomensmarketplace.com\/fr\/wp-json\/wp\/v2\/media?parent=3156"}],"wp:term":[{"taxonomy":"product_brand","embeddable":true,"href":"https:\/\/thewomensmarketplace.com\/fr\/wp-json\/wp\/v2\/product_brand?post=3156"},{"taxonomy":"product_cat","embeddable":true,"href":"https:\/\/thewomensmarketplace.com\/fr\/wp-json\/wp\/v2\/product_cat?post=3156"},{"taxonomy":"product_tag","embeddable":true,"href":"https:\/\/thewomensmarketplace.com\/fr\/wp-json\/wp\/v2\/product_tag?post=3156"}],"curies":[{"name":"wp","href":"https:\/\/api.w.org\/{rel}","templated":true}]}}